{"id":517,"date":"2021-06-28T19:27:16","date_gmt":"2021-06-28T19:27:16","guid":{"rendered":"http:\/\/www.ifcom.mx\/?page_id=517"},"modified":"2021-06-28T22:19:26","modified_gmt":"2021-06-28T22:19:26","slug":"venta","status":"publish","type":"page","link":"http:\/\/www.ifcom.mx\/?page_id=517","title":{"rendered":"VENTA"},"content":{"rendered":"\t\t<div data-elementor-type=\"wp-page\" data-elementor-id=\"517\" class=\"elementor elementor-517\">\n\t\t\t\t\t\t<section class=\"elementor-section elementor-top-section elementor-element elementor-element-797d48f1 elementor-section-content-middle elementor-section-boxed elementor-section-height-default elementor-section-height-default\" data-id=\"797d48f1\" data-element_type=\"section\">\n\t\t\t\t\t\t\t<div class=\"elementor-background-overlay\"><\/div>\n\t\t\t\t\t\t\t<div class=\"elementor-container elementor-column-gap-no\">\n\t\t\t\t\t<div class=\"elementor-column elementor-col-100 elementor-top-column elementor-element elementor-element-11f25a72\" data-id=\"11f25a72\" data-element_type=\"column\">\n\t\t\t<div class=\"elementor-widget-wrap elementor-element-populated\">\n\t\t\t\t\t\t<div class=\"elementor-element elementor-element-4f651ca8 elementor-widget elementor-widget-heading\" data-id=\"4f651ca8\" data-element_type=\"widget\" data-widget_type=\"heading.default\">\n\t\t\t\t<div class=\"elementor-widget-container\">\n\t\t\t\t\t<h4 class=\"elementor-heading-title elementor-size-default\">VENTA DE ACTIVOS, EQUIPOS Y PARTES DE REPUESTO.<\/h4>\t\t\t\t<\/div>\n\t\t\t\t<\/div>\n\t\t\t\t<div class=\"elementor-element elementor-element-26b8a31 elementor-widget elementor-widget-text-editor\" data-id=\"26b8a31\" data-element_type=\"widget\" data-widget_type=\"text-editor.default\">\n\t\t\t\t<div class=\"elementor-widget-container\">\n\t\t\t\t\t\t\t\t\t<p>\u00a0<\/p><p><strong>An\u00e1lisis de Vibraciones<\/strong><\/p><p><strong>Alineaci\u00f3n de Precisi\u00f3n<\/strong><\/p><p><strong>Balanceo Din\u00e1mico<\/strong><\/p><p><strong>Termograf\u00eda Infrarroja<\/strong><\/p><p><strong>Mantenimiento General<\/strong><\/p>\t\t\t\t\t\t\t\t<\/div>\n\t\t\t\t<\/div>\n\t\t\t\t<div class=\"elementor-element elementor-element-8afc866 elementor-vertical-align-top elementor-widget elementor-widget-icon-box\" data-id=\"8afc866\" data-element_type=\"widget\" data-widget_type=\"icon-box.default\">\n\t\t\t\t<div class=\"elementor-widget-container\">\n\t\t\t\t\t\t\t<div class=\"elementor-icon-box-wrapper\">\n\n\t\t\t\n\t\t\t\t\t\t<div class=\"elementor-icon-box-content\">\n\n\t\t\t\t\t\t\t\t\t<h3 class=\"elementor-icon-box-title\">\n\t\t\t\t\t\t<a href=\"http:\/\/www.ifcom.mx\/wp-content\/uploads\/2021\/06\/Presentacio\u0301n-de-empresa-IFCOM-comprimido.pdf\" target=\"_blank\" >\n\t\t\t\t\t\t\tM\u00c1S INFORMACI\u00d3N DE VENTA\t\t\t\t\t\t<\/a>\n\t\t\t\t\t<\/h3>\n\t\t\t\t\n\t\t\t\t\t\t\t\t\t<p class=\"elementor-icon-box-description\">\n\t\t\t\t\t\tDESCARGA NUESTRA PRESENTACI\u00d3N \nDA CLICK AQUI\t\t\t\t\t<\/p>\n\t\t\t\t\n\t\t\t<\/div>\n\t\t\t\n\t\t<\/div>\n\t\t\t\t\t\t<\/div>\n\t\t\t\t<\/div>\n\t\t\t\t<section class=\"elementor-section elementor-inner-section elementor-element elementor-element-6f279cbc elementor-section-boxed elementor-section-height-default elementor-section-height-default\" data-id=\"6f279cbc\" data-element_type=\"section\">\n\t\t\t\t\t\t<div class=\"elementor-container elementor-column-gap-wider\">\n\t\t\t\t\t<div class=\"elementor-column elementor-col-33 elementor-inner-column elementor-element elementor-element-1c3bce12\" data-id=\"1c3bce12\" data-element_type=\"column\">\n\t\t\t<div class=\"elementor-widget-wrap elementor-element-populated\">\n\t\t\t\t\t\t<div class=\"elementor-element elementor-element-8a88843 elementor-widget elementor-widget-image\" data-id=\"8a88843\" data-element_type=\"widget\" data-widget_type=\"image.default\">\n\t\t\t\t<div class=\"elementor-widget-container\">\n\t\t\t\t\t\t\t\t\t\t\t\t\t\t\t<img fetchpriority=\"high\" decoding=\"async\" width=\"316\" height=\"303\" src=\"http:\/\/www.ifcom.mx\/wp-content\/uploads\/2021\/06\/VENTA-01.jpg\" class=\"attachment-large size-large wp-image-558\" alt=\"\" srcset=\"http:\/\/www.ifcom.mx\/wp-content\/uploads\/2021\/06\/VENTA-01.jpg 316w, http:\/\/www.ifcom.mx\/wp-content\/uploads\/2021\/06\/VENTA-01-300x288.jpg 300w\" sizes=\"(max-width: 316px) 100vw, 316px\" \/>\t\t\t\t\t\t\t\t\t\t\t\t\t\t\t<\/div>\n\t\t\t\t<\/div>\n\t\t\t\t\t<\/div>\n\t\t<\/div>\n\t\t\t\t<div class=\"elementor-column elementor-col-33 elementor-inner-column elementor-element elementor-element-6ec4e47d\" data-id=\"6ec4e47d\" data-element_type=\"column\">\n\t\t\t<div class=\"elementor-widget-wrap elementor-element-populated\">\n\t\t\t\t\t\t<div class=\"elementor-element elementor-element-459af29 elementor-widget elementor-widget-image\" data-id=\"459af29\" data-element_type=\"widget\" data-widget_type=\"image.default\">\n\t\t\t\t<div class=\"elementor-widget-container\">\n\t\t\t\t\t\t\t\t\t\t\t\t\t\t\t<img decoding=\"async\" width=\"316\" height=\"303\" src=\"http:\/\/www.ifcom.mx\/wp-content\/uploads\/2021\/06\/VENTA-02.jpg\" class=\"attachment-large size-large wp-image-559\" alt=\"\" srcset=\"http:\/\/www.ifcom.mx\/wp-content\/uploads\/2021\/06\/VENTA-02.jpg 316w, http:\/\/www.ifcom.mx\/wp-content\/uploads\/2021\/06\/VENTA-02-300x288.jpg 300w\" sizes=\"(max-width: 316px) 100vw, 316px\" \/>\t\t\t\t\t\t\t\t\t\t\t\t\t\t\t<\/div>\n\t\t\t\t<\/div>\n\t\t\t\t\t<\/div>\n\t\t<\/div>\n\t\t\t\t<div class=\"elementor-column elementor-col-33 elementor-inner-column elementor-element elementor-element-6a6ebd73\" data-id=\"6a6ebd73\" data-element_type=\"column\">\n\t\t\t<div class=\"elementor-widget-wrap elementor-element-populated\">\n\t\t\t\t\t\t<div class=\"elementor-element elementor-element-1e419ba elementor-widget elementor-widget-image\" data-id=\"1e419ba\" data-element_type=\"widget\" data-widget_type=\"image.default\">\n\t\t\t\t<div class=\"elementor-widget-container\">\n\t\t\t\t\t\t\t\t\t\t\t\t\t\t\t<img decoding=\"async\" width=\"316\" height=\"303\" src=\"http:\/\/www.ifcom.mx\/wp-content\/uploads\/2021\/06\/VENTA-03.jpg\" class=\"attachment-large size-large wp-image-560\" alt=\"\" srcset=\"http:\/\/www.ifcom.mx\/wp-content\/uploads\/2021\/06\/VENTA-03.jpg 316w, http:\/\/www.ifcom.mx\/wp-content\/uploads\/2021\/06\/VENTA-03-300x288.jpg 300w\" sizes=\"(max-width: 316px) 100vw, 316px\" \/>\t\t\t\t\t\t\t\t\t\t\t\t\t\t\t<\/div>\n\t\t\t\t<\/div>\n\t\t\t\t\t<\/div>\n\t\t<\/div>\n\t\t\t\t\t<\/div>\n\t\t<\/section>\n\t\t\t\t\t<\/div>\n\t\t<\/div>\n\t\t\t\t\t<\/div>\n\t\t<\/section>\n\t\t\t\t<section class=\"elementor-section elementor-top-section elementor-element elementor-element-7ee8efbc elementor-section-content-middle elementor-section-boxed elementor-section-height-default elementor-section-height-default\" data-id=\"7ee8efbc\" data-element_type=\"section\">\n\t\t\t\t\t\t<div class=\"elementor-container elementor-column-gap-no\">\n\t\t\t\t\t<div class=\"elementor-column elementor-col-100 elementor-top-column elementor-element elementor-element-48b6733d\" data-id=\"48b6733d\" data-element_type=\"column\">\n\t\t\t<div class=\"elementor-widget-wrap elementor-element-populated\">\n\t\t\t\t\t\t<div class=\"elementor-element elementor-element-9817a2e elementor-widget elementor-widget-image\" data-id=\"9817a2e\" data-element_type=\"widget\" data-widget_type=\"image.default\">\n\t\t\t\t<div class=\"elementor-widget-container\">\n\t\t\t\t\t\t\t\t\t\t\t\t\t\t\t<img loading=\"lazy\" decoding=\"async\" width=\"904\" height=\"90\" src=\"http:\/\/www.ifcom.mx\/wp-content\/uploads\/2021\/06\/BANNER-SLOGAN-IFCOM.png\" class=\"attachment-large size-large wp-image-616\" alt=\"\" srcset=\"http:\/\/www.ifcom.mx\/wp-content\/uploads\/2021\/06\/BANNER-SLOGAN-IFCOM.png 904w, http:\/\/www.ifcom.mx\/wp-content\/uploads\/2021\/06\/BANNER-SLOGAN-IFCOM-300x30.png 300w, http:\/\/www.ifcom.mx\/wp-content\/uploads\/2021\/06\/BANNER-SLOGAN-IFCOM-768x76.png 768w\" sizes=\"(max-width: 904px) 100vw, 904px\" \/>\t\t\t\t\t\t\t\t\t\t\t\t\t\t\t<\/div>\n\t\t\t\t<\/div>\n\t\t\t\t\t<\/div>\n\t\t<\/div>\n\t\t\t\t\t<\/div>\n\t\t<\/section>\n\t\t\t\t<\/div>\n\t\t","protected":false},"excerpt":{"rendered":"<p>VENTA DE ACTIVOS, EQUIPOS Y PARTES DE REPUESTO. \u00a0 An\u00e1lisis de Vibraciones Alineaci\u00f3n de Precisi\u00f3n Balanceo Din\u00e1mico Termograf\u00eda Infrarroja Mantenimiento General M\u00c1S INFORMACI\u00d3N DE VENTA DESCARGA NUESTRA PRESENTACI\u00d3N DA CLICK AQUI<\/p>\n","protected":false},"author":1,"featured_media":0,"parent":0,"menu_order":3,"comment_status":"closed","ping_status":"closed","template":"","meta":{"site-sidebar-layout":"no-sidebar","site-content-layout":"page-builder","ast-site-content-layout":"default","site-content-style":"default","site-sidebar-style":"default","ast-global-header-display":"","ast-banner-title-visibility":"","ast-main-header-display":"","ast-hfb-above-header-display":"","ast-hfb-below-header-display":"","ast-hfb-mobile-header-display":"","site-post-title":"disabled","ast-breadcrumbs-content":"","ast-featured-img":"disabled","footer-sml-layout":"","theme-transparent-header-meta":"default","adv-header-id-meta":"","stick-header-meta":"","header-above-stick-meta":"","header-main-stick-meta":"","header-below-stick-meta":"","astra-migrate-meta-layouts":"default","ast-page-background-enabled":"default","ast-page-background-meta":{"desktop":{"background-color":"","background-image":"","background-repeat":"repeat","background-position":"center center","background-size":"auto","background-attachment":"scroll","background-type":"","background-media":"","overlay-type":"","overlay-color":"","overlay-opacity":"","overlay-gradient":""},"tablet":{"background-color":"","background-image":"","background-repeat":"repeat","background-position":"center center","background-size":"auto","background-attachment":"scroll","background-type":"","background-media":"","overlay-type":"","overlay-color":"","overlay-opacity":"","overlay-gradient":""},"mobile":{"background-color":"","background-image":"","background-repeat":"repeat","background-position":"center center","background-size":"auto","background-attachment":"scroll","background-type":"","background-media":"","overlay-type":"","overlay-color":"","overlay-opacity":"","overlay-gradient":""}},"ast-content-background-meta":{"desktop":{"background-color":"var(--ast-global-color-5)","background-image":"","background-repeat":"repeat","background-position":"center center","background-size":"auto","background-attachment":"scroll","background-type":"","background-media":"","overlay-type":"","overlay-color":"","overlay-opacity":"","overlay-gradient":""},"tablet":{"background-color":"var(--ast-global-color-5)","background-image":"","background-repeat":"repeat","background-position":"center center","background-size":"auto","background-attachment":"scroll","background-type":"","background-media":"","overlay-type":"","overlay-color":"","overlay-opacity":"","overlay-gradient":""},"mobile":{"background-color":"var(--ast-global-color-5)","background-image":"","background-repeat":"repeat","background-position":"center center","background-size":"auto","background-attachment":"scroll","background-type":"","background-media":"","overlay-type":"","overlay-color":"","overlay-opacity":"","overlay-gradient":""}},"footnotes":""},"class_list":["post-517","page","type-page","status-publish","hentry"],"_links":{"self":[{"href":"http:\/\/www.ifcom.mx\/index.php?rest_route=\/wp\/v2\/pages\/517","targetHints":{"allow":["GET"]}}],"collection":[{"href":"http:\/\/www.ifcom.mx\/index.php?rest_route=\/wp\/v2\/pages"}],"about":[{"href":"http:\/\/www.ifcom.mx\/index.php?rest_route=\/wp\/v2\/types\/page"}],"author":[{"embeddable":true,"href":"http:\/\/www.ifcom.mx\/index.php?rest_route=\/wp\/v2\/users\/1"}],"replies":[{"embeddable":true,"href":"http:\/\/www.ifcom.mx\/index.php?rest_route=%2Fwp%2Fv2%2Fcomments&post=517"}],"version-history":[{"count":56,"href":"http:\/\/www.ifcom.mx\/index.php?rest_route=\/wp\/v2\/pages\/517\/revisions"}],"predecessor-version":[{"id":635,"href":"http:\/\/www.ifcom.mx\/index.php?rest_route=\/wp\/v2\/pages\/517\/revisions\/635"}],"wp:attachment":[{"href":"http:\/\/www.ifcom.mx\/index.php?rest_route=%2Fwp%2Fv2%2Fmedia&parent=517"}],"curies":[{"name":"wp","href":"https:\/\/api.w.org\/{rel}","templated":true}]}}